{"id":8,"date":"2018-10-20T10:55:07","date_gmt":"2018-10-20T08:55:07","guid":{"rendered":"https:\/\/jazierce.sk\/?page_id=8"},"modified":"2024-01-31T17:54:34","modified_gmt":"2024-01-31T16:54:34","slug":"lokalita","status":"publish","type":"page","link":"https:\/\/jazierce.sk\/cz\/lokalita\/","title":{"rendered":"Lokalita"},"content":{"rendered":"","protected":false},"excerpt":{"rendered":"","protected":false},"author":5,"featured_media":0,"parent":0,"menu_order":0,"comment_status":"closed","ping_status":"closed","template":"location.php","meta":{"_acf_changed":false,"inline_featured_image":false,"footnotes":""},"class_list":["post-8","page","type-page","status-publish","hentry"],"acf":[],"yoast_head":"<!-- This site is optimized with the Yoast SEO plugin v23.8 - https:\/\/yoast.com\/wordpress\/plugins\/seo\/ -->\n<title>Jazierce - Ubytovanie v okol\u00ed Vlkol\u00ednca, Malin\u00f4 Brdo, Donovaly<\/title>\n<meta name=\"description\" content=\"Ak h\u013ead\u00e1te dostupn\u00e9 a modern\u00e9 ubytovanie v okol\u00ed Vlkol\u00ednca, Havr\u00e1nok, Malin\u00f4 Brdo, Skipark Donovaly alebo Jasnej, ste na spr\u00e1vnej adrese.\" \/>\n<meta name=\"robots\" content=\"index, follow, max-snippet:-1, max-image-preview:large, max-video-preview:-1\" \/>\n<link rel=\"canonical\" href=\"https:\/\/jazierce.sk\/cz\/lokalita\/\" \/>\n<meta property=\"og:locale\" content=\"cs_CZ\" \/>\n<meta property=\"og:type\" content=\"article\" \/>\n<meta property=\"og:title\" content=\"Jazierce - Ubytovanie v okol\u00ed Vlkol\u00ednca, Malin\u00f4 Brdo, Donovaly\" \/>\n<meta property=\"og:description\" content=\"Ak h\u013ead\u00e1te dostupn\u00e9 a modern\u00e9 ubytovanie v okol\u00ed Vlkol\u00ednca, Havr\u00e1nok, Malin\u00f4 Brdo, Skipark Donovaly alebo Jasnej, ste na spr\u00e1vnej adrese.\" \/>\n<meta property=\"og:url\" content=\"https:\/\/jazierce.sk\/cz\/lokalita\/\" \/>\n<meta property=\"og:site_name\" content=\"Jazierce - chaty, apartm\u00e1ny - ubytovanie Liptov vo Ve\u013ekej Fatre\" \/>\n<meta property=\"article:modified_time\" content=\"2024-01-31T16:54:34+00:00\" \/>\n<meta name=\"twitter:card\" content=\"summary_large_image\" \/>\n<script type=\"application\/ld+json\" class=\"yoast-schema-graph\">{\"@context\":\"https:\/\/schema.org\",\"@graph\":[{\"@type\":\"WebPage\",\"@id\":\"https:\/\/jazierce.sk\/lokalita\/\",\"url\":\"https:\/\/jazierce.sk\/lokalita\/\",\"name\":\"Jazierce - Ubytovanie v okol\u00ed Vlkol\u00ednca, Malin\u00f4 Brdo, Donovaly\",\"isPartOf\":{\"@id\":\"https:\/\/jazierce.sk\/#website\"},\"datePublished\":\"2018-10-20T08:55:07+00:00\",\"dateModified\":\"2024-01-31T16:54:34+00:00\",\"description\":\"Ak h\u013ead\u00e1te dostupn\u00e9 a modern\u00e9 ubytovanie v okol\u00ed Vlkol\u00ednca, Havr\u00e1nok, Malin\u00f4 Brdo, Skipark Donovaly alebo Jasnej, ste na spr\u00e1vnej adrese.\",\"breadcrumb\":{\"@id\":\"https:\/\/jazierce.sk\/lokalita\/#breadcrumb\"},\"inLanguage\":\"cs\",\"potentialAction\":[{\"@type\":\"ReadAction\",\"target\":[\"https:\/\/jazierce.sk\/lokalita\/\"]}]},{\"@type\":\"BreadcrumbList\",\"@id\":\"https:\/\/jazierce.sk\/lokalita\/#breadcrumb\",\"itemListElement\":[{\"@type\":\"ListItem\",\"position\":1,\"name\":\"Domovsk\u00e1 str\u00e1nka\",\"item\":\"https:\/\/jazierce.sk\/\"},{\"@type\":\"ListItem\",\"position\":2,\"name\":\"Lokalita\"}]},{\"@type\":\"WebSite\",\"@id\":\"https:\/\/jazierce.sk\/#website\",\"url\":\"https:\/\/jazierce.sk\/\",\"name\":\"Jazierce - chaty, apartm\u00e1ny - ubytovanie Liptov vo Ve\u013ekej Fatre\",\"description\":\"\",\"potentialAction\":[{\"@type\":\"SearchAction\",\"target\":{\"@type\":\"EntryPoint\",\"urlTemplate\":\"https:\/\/jazierce.sk\/?s={search_term_string}\"},\"query-input\":{\"@type\":\"PropertyValueSpecification\",\"valueRequired\":true,\"valueName\":\"search_term_string\"}}],\"inLanguage\":\"cs\"}]}<\/script>\n<!-- \/ Yoast SEO plugin. -->","yoast_head_json":{"title":"Jazierce - Ubytovanie v okol\u00ed Vlkol\u00ednca, Malin\u00f4 Brdo, Donovaly","description":"Ak h\u013ead\u00e1te dostupn\u00e9 a modern\u00e9 ubytovanie v okol\u00ed Vlkol\u00ednca, Havr\u00e1nok, Malin\u00f4 Brdo, Skipark Donovaly alebo Jasnej, ste na spr\u00e1vnej adrese.","robots":{"index":"index","follow":"follow","max-snippet":"max-snippet:-1","max-image-preview":"max-image-preview:large","max-video-preview":"max-video-preview:-1"},"canonical":"https:\/\/jazierce.sk\/cz\/lokalita\/","og_locale":"cs_CZ","og_type":"article","og_title":"Jazierce - Ubytovanie v okol\u00ed Vlkol\u00ednca, Malin\u00f4 Brdo, Donovaly","og_description":"Ak h\u013ead\u00e1te dostupn\u00e9 a modern\u00e9 ubytovanie v okol\u00ed Vlkol\u00ednca, Havr\u00e1nok, Malin\u00f4 Brdo, Skipark Donovaly alebo Jasnej, ste na spr\u00e1vnej adrese.","og_url":"https:\/\/jazierce.sk\/cz\/lokalita\/","og_site_name":"Jazierce - chaty, apartm\u00e1ny - ubytovanie Liptov vo Ve\u013ekej Fatre","article_modified_time":"2024-01-31T16:54:34+00:00","twitter_card":"summary_large_image","schema":{"@context":"https:\/\/schema.org","@graph":[{"@type":"WebPage","@id":"https:\/\/jazierce.sk\/lokalita\/","url":"https:\/\/jazierce.sk\/lokalita\/","name":"Jazierce - Ubytovanie v okol\u00ed Vlkol\u00ednca, Malin\u00f4 Brdo, Donovaly","isPartOf":{"@id":"https:\/\/jazierce.sk\/#website"},"datePublished":"2018-10-20T08:55:07+00:00","dateModified":"2024-01-31T16:54:34+00:00","description":"Ak h\u013ead\u00e1te dostupn\u00e9 a modern\u00e9 ubytovanie v okol\u00ed Vlkol\u00ednca, Havr\u00e1nok, Malin\u00f4 Brdo, Skipark Donovaly alebo Jasnej, ste na spr\u00e1vnej adrese.","breadcrumb":{"@id":"https:\/\/jazierce.sk\/lokalita\/#breadcrumb"},"inLanguage":"cs","potentialAction":[{"@type":"ReadAction","target":["https:\/\/jazierce.sk\/lokalita\/"]}]},{"@type":"BreadcrumbList","@id":"https:\/\/jazierce.sk\/lokalita\/#breadcrumb","itemListElement":[{"@type":"ListItem","position":1,"name":"Domovsk\u00e1 str\u00e1nka","item":"https:\/\/jazierce.sk\/"},{"@type":"ListItem","position":2,"name":"Lokalita"}]},{"@type":"WebSite","@id":"https:\/\/jazierce.sk\/#website","url":"https:\/\/jazierce.sk\/","name":"Jazierce - chaty, apartm\u00e1ny - ubytovanie Liptov vo Ve\u013ekej Fatre","description":"","potentialAction":[{"@type":"SearchAction","target":{"@type":"EntryPoint","urlTemplate":"https:\/\/jazierce.sk\/?s={search_term_string}"},"query-input":{"@type":"PropertyValueSpecification","valueRequired":true,"valueName":"search_term_string"}}],"inLanguage":"cs"}]}},"_links":{"self":[{"href":"https:\/\/jazierce.sk\/cz\/wp-json\/wp\/v2\/pages\/8","targetHints":{"allow":["GET"]}}],"collection":[{"href":"https:\/\/jazierce.sk\/cz\/wp-json\/wp\/v2\/pages"}],"about":[{"href":"https:\/\/jazierce.sk\/cz\/wp-json\/wp\/v2\/types\/page"}],"author":[{"embeddable":true,"href":"https:\/\/jazierce.sk\/cz\/wp-json\/wp\/v2\/users\/5"}],"replies":[{"embeddable":true,"href":"https:\/\/jazierce.sk\/cz\/wp-json\/wp\/v2\/comments?post=8"}],"version-history":[{"count":0,"href":"https:\/\/jazierce.sk\/cz\/wp-json\/wp\/v2\/pages\/8\/revisions"}],"wp:attachment":[{"href":"https:\/\/jazierce.sk\/cz\/wp-json\/wp\/v2\/media?parent=8"}],"curies":[{"name":"wp","href":"https:\/\/api.w.org\/{rel}","templated":true}]}}